{"id":15936,"date":"2017-08-09T01:13:26","date_gmt":"2017-08-08T22:13:26","guid":{"rendered":"http:\/\/www.ngnetgroup.com\/?page_id=15936\/"},"modified":"2021-10-12T00:28:50","modified_gmt":"2021-10-11T21:28:50","slug":"real-estate","status":"publish","type":"page","link":"https:\/\/www.ngnetgroup.com\/en\/real-estate\/","title":{"rendered":"Real Estate"},"content":{"rendered":"<p>[vc_row css_animation=&#8221;&#8221; row_type=&#8221;row&#8221; use_row_as_full_screen_section=&#8221;no&#8221; type=&#8221;full_width&#8221; angled_section=&#8221;no&#8221; text_align=&#8221;left&#8221; background_image_as_pattern=&#8221;without_pattern&#8221; padding_top=&#8221;0&#8243;][vc_column][vc_separator type=&#8221;normal&#8221; up=&#8221;0&#8243;][\/vc_column][\/vc_row][vc_row css_animation=&#8221;&#8221; row_type=&#8221;row&#8221; use_row_as_full_screen_section=&#8221;no&#8221; type=&#8221;grid&#8221; angled_section=&#8221;no&#8221; text_align=&#8221;left&#8221; background_image_as_pattern=&#8221;without_pattern&#8221;][vc_column][vc_separator type=&#8221;transparent&#8221; up=&#8221;10&#8243; down=&#8221;10&#8243;][vc_column_text]<\/p>\n<h2 style=\"text-align: center;\">DEPARTMENT OF INVESTMENT AND MANAGEMENT CONSULTANCY<\/h2>\n<p>[\/vc_column_text][vc_separator type=&#8221;small&#8221; position=&#8221;center&#8221; thickness=&#8221;1&#8243;][vc_column_text]<\/p>\n<h4 style=\"text-align: center;\">With our dynamic and expert team, NG Company has sufficient technical structure, knowledge, experience to work together with local and international financial corporations in order to present effective services in relevant sector.<\/h4>\n<p>[\/vc_column_text][vc_separator type=&#8221;transparent&#8221; up=&#8221;10&#8243; down=&#8221;10&#8243;][\/vc_column][\/vc_row][vc_row css_animation=&#8221;&#8221; row_type=&#8221;row&#8221; use_row_as_full_screen_section=&#8221;no&#8221; type=&#8221;grid&#8221; angled_section=&#8221;no&#8221; text_align=&#8221;left&#8221; background_image_as_pattern=&#8221;without_pattern&#8221; background_color=&#8221;#f8f8f8&#8243; padding_top=&#8221;88&#8243; padding_bottom=&#8221;35&#8243;][vc_column width=&#8221;1\/2&#8243;][vc_single_image image=&#8221;18469&#8243; img_size=&#8221;full&#8221; alignment=&#8221;center&#8221; qode_css_animation=&#8221;element_from_fade&#8221; transition_delay=&#8221;0.2&#8243;][vc_separator type=&#8221;transparent&#8221; up=&#8221;49&#8243; down=&#8221;0&#8243;][\/vc_column][vc_column width=&#8221;1\/2&#8243;][vc_separator type=&#8221;transparent&#8221; up=&#8221;30&#8243; down=&#8221;0&#8243;][vc_column_text]<\/p>\n<h3>Real Estate<\/h3>\n<p>[\/vc_column_text][vc_separator type=&#8221;transparent&#8221; up=&#8221;17&#8243; down=&#8221;0&#8243;][vc_column_text]We provide consulting and marketing services in everything related to<\/p>\n<p>&nbsp;<\/p>\n<ul>\n<li>We provide consulting and marketing services in everything related to buying, selling or renting lands, factories, shops, buildings, offices, apartments, and other types of real estate.<\/li>\n<li>Real estate evaluation services.<\/li>\n<li>Real Estate Management.<\/li>\n<\/ul>\n<p>&nbsp;<\/p>\n<p>For more information, visit our website below<\/p>\n<p><a href=\"http:\/\/www.ngturk.com\" target=\"_blank\" rel=\"noopener noreferrer\">http:\/\/www.ngturk.com<\/a>[\/vc_column_text][vc_separator type=&#8221;transparent&#8221; up=&#8221;25&#8243; down=&#8221;0&#8243;][vc_column_text]Address: Kayaba\u015f\u0131 Mahallesi Gazi Ya\u015fargil Caddesi No:12 \/ C Ad\u0131m \u0130stanbul Sitesi Ba\u015fak\u015fehir \u0130stanbul[\/vc_column_text][vc_separator type=&#8221;transparent&#8221; up=&#8221;25&#8243; down=&#8221;0&#8243;][vc_column_text]Tel: 0212 877 29 49[\/vc_column_text][\/vc_column][\/vc_row]<\/p>\n","protected":false},"excerpt":{"rendered":"<p>[vc_row css_animation=&#8221;&#8221; row_type=&#8221;row&#8221; use_row_as_full_screen_section=&#8221;no&#8221; type=&#8221;full_width&#8221; angled_section=&#8221;no&#8221; text_align=&#8221;left&#8221; background_image_as_pattern=&#8221;without_pattern&#8221; padding_top=&#8221;0&#8243;][vc_column][vc_separator type=&#8221;normal&#8221; up=&#8221;0&#8243;][\/vc_column][\/vc_row][vc_row css_animation=&#8221;&#8221; row_type=&#8221;row&#8221; use_row_as_full_screen_section=&#8221;no&#8221; type=&#8221;grid&#8221; angled_section=&#8221;no&#8221; text_align=&#8221;left&#8221; background_image_as_pattern=&#8221;without_pattern&#8221;][vc_column][vc_separator type=&#8221;transparent&#8221; up=&#8221;10&#8243; down=&#8221;10&#8243;][vc_column_text] DEPARTMENT OF INVESTMENT AND MANAGEMENT CONSULTANCY [\/vc_column_text][vc_separator type=&#8221;small&#8221; position=&#8221;center&#8221; thickness=&#8221;1&#8243;][vc_column_text] With our dynamic and expert team, NG Company has sufficient technical structure, knowledge, experience&#8230;<\/p>\n","protected":false},"author":1,"featured_media":0,"parent":0,"menu_order":335,"comment_status":"open","ping_status":"open","template":"full_width.php","meta":{"footnotes":""},"class_list":["post-15936","page","type-page","status-publish","hentry"],"yoast_head":"<!-- This site is optimized with the Yoast SEO plugin v26.4 - https:\/\/yoast.com\/wordpress\/plugins\/seo\/ -->\n<title>Real Estate - NG Net Group<\/title>\n<meta name=\"robots\" content=\"index, follow, max-snippet:-1, max-image-preview:large, max-video-preview:-1\" \/>\n<link rel=\"canonical\" href=\"https:\/\/www.ngnetgroup.com\/en\/all\/real-estate\/\" \/>\n<meta property=\"og:locale\" content=\"en_US\" \/>\n<meta property=\"og:type\" content=\"article\" \/>\n<meta property=\"og:title\" content=\"Real Estate - NG Net Group\" \/>\n<meta property=\"og:description\" content=\"[vc_row css_animation=&#8221;&#8221; row_type=&#8221;row&#8221; use_row_as_full_screen_section=&#8221;no&#8221; type=&#8221;full_width&#8221; angled_section=&#8221;no&#8221; text_align=&#8221;left&#8221; background_image_as_pattern=&#8221;without_pattern&#8221; padding_top=&#8221;0&#8243;][vc_column][vc_separator type=&#8221;normal&#8221; up=&#8221;0&#8243;][\/vc_column][\/vc_row][vc_row css_animation=&#8221;&#8221; row_type=&#8221;row&#8221; use_row_as_full_screen_section=&#8221;no&#8221; type=&#8221;grid&#8221; angled_section=&#8221;no&#8221; text_align=&#8221;left&#8221; background_image_as_pattern=&#8221;without_pattern&#8221;][vc_column][vc_separator type=&#8221;transparent&#8221; up=&#8221;10&#8243; down=&#8221;10&#8243;][vc_column_text] DEPARTMENT OF INVESTMENT AND MANAGEMENT CONSULTANCY [\/vc_column_text][vc_separator type=&#8221;small&#8221; position=&#8221;center&#8221; thickness=&#8221;1&#8243;][vc_column_text] With our dynamic and expert team, NG Company has sufficient technical structure, knowledge, experience...\" \/>\n<meta property=\"og:url\" content=\"https:\/\/www.ngnetgroup.com\/en\/all\/real-estate\/\" \/>\n<meta property=\"og:site_name\" content=\"NG Net Group\" \/>\n<meta property=\"article:modified_time\" content=\"2021-10-11T21:28:50+00:00\" \/>\n<meta name=\"twitter:card\" content=\"summary_large_image\" \/>\n<meta name=\"twitter:label1\" content=\"Est. reading time\" \/>\n\t<meta name=\"twitter:data1\" content=\"2 minutes\" \/>\n<script type=\"application\/ld+json\" class=\"yoast-schema-graph\">{\"@context\":\"https:\/\/schema.org\",\"@graph\":[{\"@type\":\"WebPage\",\"@id\":\"https:\/\/www.ngnetgroup.com\/en\/all\/real-estate\/\",\"url\":\"https:\/\/www.ngnetgroup.com\/en\/all\/real-estate\/\",\"name\":\"Real Estate - NG Net Group\",\"isPartOf\":{\"@id\":\"https:\/\/www.ngnetgroup.com\/#website\"},\"datePublished\":\"2017-08-08T22:13:26+00:00\",\"dateModified\":\"2021-10-11T21:28:50+00:00\",\"breadcrumb\":{\"@id\":\"https:\/\/www.ngnetgroup.com\/en\/all\/real-estate\/#breadcrumb\"},\"inLanguage\":\"en-US\",\"potentialAction\":[{\"@type\":\"ReadAction\",\"target\":[\"https:\/\/www.ngnetgroup.com\/en\/all\/real-estate\/\"]}]},{\"@type\":\"BreadcrumbList\",\"@id\":\"https:\/\/www.ngnetgroup.com\/en\/all\/real-estate\/#breadcrumb\",\"itemListElement\":[{\"@type\":\"ListItem\",\"position\":1,\"name\":\"Anasayfa\",\"item\":\"https:\/\/www.ngnetgroup.com\/en\/\"},{\"@type\":\"ListItem\",\"position\":2,\"name\":\"Real Estate\"}]},{\"@type\":\"WebSite\",\"@id\":\"https:\/\/www.ngnetgroup.com\/#website\",\"url\":\"https:\/\/www.ngnetgroup.com\/\",\"name\":\"NG Net Group\",\"description\":\"\",\"potentialAction\":[{\"@type\":\"SearchAction\",\"target\":{\"@type\":\"EntryPoint\",\"urlTemplate\":\"https:\/\/www.ngnetgroup.com\/?s={search_term_string}\"},\"query-input\":{\"@type\":\"PropertyValueSpecification\",\"valueRequired\":true,\"valueName\":\"search_term_string\"}}],\"inLanguage\":\"en-US\"}]}<\/script>\n<!-- \/ Yoast SEO plugin. -->","yoast_head_json":{"title":"Real Estate - NG Net Group","robots":{"index":"index","follow":"follow","max-snippet":"max-snippet:-1","max-image-preview":"max-image-preview:large","max-video-preview":"max-video-preview:-1"},"canonical":"https:\/\/www.ngnetgroup.com\/en\/all\/real-estate\/","og_locale":"en_US","og_type":"article","og_title":"Real Estate - NG Net Group","og_description":"[vc_row css_animation=&#8221;&#8221; row_type=&#8221;row&#8221; use_row_as_full_screen_section=&#8221;no&#8221; type=&#8221;full_width&#8221; angled_section=&#8221;no&#8221; text_align=&#8221;left&#8221; background_image_as_pattern=&#8221;without_pattern&#8221; padding_top=&#8221;0&#8243;][vc_column][vc_separator type=&#8221;normal&#8221; up=&#8221;0&#8243;][\/vc_column][\/vc_row][vc_row css_animation=&#8221;&#8221; row_type=&#8221;row&#8221; use_row_as_full_screen_section=&#8221;no&#8221; type=&#8221;grid&#8221; angled_section=&#8221;no&#8221; text_align=&#8221;left&#8221; background_image_as_pattern=&#8221;without_pattern&#8221;][vc_column][vc_separator type=&#8221;transparent&#8221; up=&#8221;10&#8243; down=&#8221;10&#8243;][vc_column_text] DEPARTMENT OF INVESTMENT AND MANAGEMENT CONSULTANCY [\/vc_column_text][vc_separator type=&#8221;small&#8221; position=&#8221;center&#8221; thickness=&#8221;1&#8243;][vc_column_text] With our dynamic and expert team, NG Company has sufficient technical structure, knowledge, experience...","og_url":"https:\/\/www.ngnetgroup.com\/en\/all\/real-estate\/","og_site_name":"NG Net Group","article_modified_time":"2021-10-11T21:28:50+00:00","twitter_card":"summary_large_image","twitter_misc":{"Est. reading time":"2 minutes"},"schema":{"@context":"https:\/\/schema.org","@graph":[{"@type":"WebPage","@id":"https:\/\/www.ngnetgroup.com\/en\/all\/real-estate\/","url":"https:\/\/www.ngnetgroup.com\/en\/all\/real-estate\/","name":"Real Estate - NG Net Group","isPartOf":{"@id":"https:\/\/www.ngnetgroup.com\/#website"},"datePublished":"2017-08-08T22:13:26+00:00","dateModified":"2021-10-11T21:28:50+00:00","breadcrumb":{"@id":"https:\/\/www.ngnetgroup.com\/en\/all\/real-estate\/#breadcrumb"},"inLanguage":"en-US","potentialAction":[{"@type":"ReadAction","target":["https:\/\/www.ngnetgroup.com\/en\/all\/real-estate\/"]}]},{"@type":"BreadcrumbList","@id":"https:\/\/www.ngnetgroup.com\/en\/all\/real-estate\/#breadcrumb","itemListElement":[{"@type":"ListItem","position":1,"name":"Anasayfa","item":"https:\/\/www.ngnetgroup.com\/en\/"},{"@type":"ListItem","position":2,"name":"Real Estate"}]},{"@type":"WebSite","@id":"https:\/\/www.ngnetgroup.com\/#website","url":"https:\/\/www.ngnetgroup.com\/","name":"NG Net Group","description":"","potentialAction":[{"@type":"SearchAction","target":{"@type":"EntryPoint","urlTemplate":"https:\/\/www.ngnetgroup.com\/?s={search_term_string}"},"query-input":{"@type":"PropertyValueSpecification","valueRequired":true,"valueName":"search_term_string"}}],"inLanguage":"en-US"}]}},"_links":{"self":[{"href":"https:\/\/www.ngnetgroup.com\/en\/wp-json\/wp\/v2\/pages\/15936\/"}],"collection":[{"href":"https:\/\/www.ngnetgroup.com\/en\/wp-json\/wp\/v2\/pages\/"}],"about":[{"href":"https:\/\/www.ngnetgroup.com\/en\/wp-json\/wp\/v2\/types\/page\/"}],"author":[{"embeddable":true,"href":"https:\/\/www.ngnetgroup.com\/en\/wp-json\/wp\/v2\/users\/1\/"}],"replies":[{"embeddable":true,"href":"https:\/\/www.ngnetgroup.com\/en\/wp-json\/wp\/v2\/comments\/?post=15936"}],"version-history":[{"count":12,"href":"https:\/\/www.ngnetgroup.com\/en\/wp-json\/wp\/v2\/pages\/15936\/revisions\/"}],"predecessor-version":[{"id":18477,"href":"https:\/\/www.ngnetgroup.com\/en\/wp-json\/wp\/v2\/pages\/15936\/revisions\/18477\/"}],"wp:attachment":[{"href":"https:\/\/www.ngnetgroup.com\/en\/wp-json\/wp\/v2\/media\/?parent=15936"}],"curies":[{"name":"wp","href":"https:\/\/api.w.org\/{rel}","templated":true}]}}