{"id":17039,"date":"2020-07-27T20:29:11","date_gmt":"2020-07-27T17:29:11","guid":{"rendered":"https:\/\/www.ngnetgroup.com\/?page_id=17039"},"modified":"2025-07-15T23:09:08","modified_gmt":"2025-07-15T20:09:08","slug":"kurumsal","status":"publish","type":"page","link":"https:\/\/www.ngnetgroup.com\/fr\/kurumsal\/","title":{"rendered":"Kurumsal"},"content":{"rendered":"<p>[vc_row css_animation=\u00a0\u00bb\u00a0\u00bb row_type=\u00a0\u00bbrow\u00a0\u00bb use_row_as_full_screen_section=\u00a0\u00bbno\u00a0\u00bb type=\u00a0\u00bbfull_width\u00a0\u00bb angled_section=\u00a0\u00bbno\u00a0\u00bb text_align=\u00a0\u00bbleft\u00a0\u00bb background_image_as_pattern=\u00a0\u00bbwithout_pattern\u00a0\u00bb padding_top=\u00a0\u00bb0&Prime;][vc_column][vc_separator type=\u00a0\u00bbnormal\u00a0\u00bb up=\u00a0\u00bb0&Prime;][\/vc_column][\/vc_row][vc_row css_animation=\u00a0\u00bb\u00a0\u00bb row_type=\u00a0\u00bbrow\u00a0\u00bb use_row_as_full_screen_section=\u00a0\u00bbno\u00a0\u00bb type=\u00a0\u00bbgrid\u00a0\u00bb angled_section=\u00a0\u00bbno\u00a0\u00bb text_align=\u00a0\u00bbleft\u00a0\u00bb background_image_as_pattern=\u00a0\u00bbwithout_pattern\u00a0\u00bb][vc_column][vc_separator type=\u00a0\u00bbtransparent\u00a0\u00bb up=\u00a0\u00bb10&Prime; down=\u00a0\u00bb10&Prime;][vc_column_text]<\/p>\n<h2 style=\"text-align: center;\">KURUMSAL<\/h2>\n<p>[\/vc_column_text][vc_separator type=\u00a0\u00bbsmall\u00a0\u00bb position=\u00a0\u00bbcenter\u00a0\u00bb thickness=\u00a0\u00bb1&Prime;][vc_column_text]<\/p>\n<h4 style=\"text-align: center;\">1990 Y\u0131l\u0131ndan beri \u015firketimiz, kadrosunda bulunan uzman \u00e7al\u0131\u015fanlar\u0131yla m\u00fc\u015fterilerine Hukuk, Yat\u0131r\u0131m ve Y\u00f6netim Dan\u0131\u015fmanl\u0131\u011f\u0131 departmanlar\u0131yla hizmet vermektedir.<\/h4>\n<p>[\/vc_column_text][vc_separator type=\u00a0\u00bbtransparent\u00a0\u00bb up=\u00a0\u00bb10&Prime; down=\u00a0\u00bb10&Prime;][\/vc_column][\/vc_row][vc_row css_animation=\u00a0\u00bb\u00a0\u00bb row_type=\u00a0\u00bbrow\u00a0\u00bb use_row_as_full_screen_section=\u00a0\u00bbno\u00a0\u00bb type=\u00a0\u00bbgrid\u00a0\u00bb angled_section=\u00a0\u00bbno\u00a0\u00bb text_align=\u00a0\u00bbleft\u00a0\u00bb background_image_as_pattern=\u00a0\u00bbwithout_pattern\u00a0\u00bb background_color=\u00a0\u00bb#f8f8f8&Prime; padding_top=\u00a0\u00bb88&Prime; padding_bottom=\u00a0\u00bb35&Prime;][vc_column width=\u00a0\u00bb5\/12&Prime;][vc_single_image image=\u00a0\u00bb18519&Prime; img_size=\u00a0\u00bbfull\u00a0\u00bb qode_css_animation=\u00a0\u00bb\u00a0\u00bb][\/vc_column][vc_column width=\u00a0\u00bb1\/12&Prime;][\/vc_column][vc_column width=\u00a0\u00bb6\/12&Prime;][vc_separator type=\u00a0\u00bbtransparent\u00a0\u00bb up=\u00a0\u00bb30&Prime; down=\u00a0\u00bb0&Prime;][vc_column_text]<\/p>\n<h3>Kurucu Genel M\u00fcd\u00fcr<\/h3>\n<div id=\"gtx-trans\" style=\"position: absolute; left: 148px; top: 43.7125px;\">\n<div class=\"gtx-trans-icon\"><\/div>\n<\/div>\n<p>[\/vc_column_text][vc_separator type=\u00a0\u00bbtransparent\u00a0\u00bb up=\u00a0\u00bb17&Prime; down=\u00a0\u00bb0&Prime;][vc_column_text]<\/p>\n<h5>Medet ILIMAN<\/h5>\n<p>[\/vc_column_text][\/vc_column][\/vc_row][vc_row css_animation=\u00a0\u00bb\u00a0\u00bb row_type=\u00a0\u00bbrow\u00a0\u00bb use_row_as_full_screen_section=\u00a0\u00bbno\u00a0\u00bb type=\u00a0\u00bbgrid\u00a0\u00bb angled_section=\u00a0\u00bbno\u00a0\u00bb text_align=\u00a0\u00bbleft\u00a0\u00bb background_image_as_pattern=\u00a0\u00bbwithout_pattern\u00a0\u00bb padding_top=\u00a0\u00bb88&Prime; padding_bottom=\u00a0\u00bb35&Prime;][vc_column width=\u00a0\u00bb1\/2&Prime;][vc_separator type=\u00a0\u00bbtransparent\u00a0\u00bb up=\u00a0\u00bb30&Prime; down=\u00a0\u00bb0&Prime;][vc_column_text]<\/p>\n<h3>Vizyonumuz<\/h3>\n<p>[\/vc_column_text][vc_separator type=\u00a0\u00bbtransparent\u00a0\u00bb up=\u00a0\u00bb17&Prime; down=\u00a0\u00bb0&Prime;][vc_column_text]Hizmet ve Kalitede Farklar Yaratmak; Hukuk, Yat\u0131r\u0131m ve Y\u00f6netim Dan\u0131\u015fmanl\u0131\u011f\u0131nda \u2018\u00d6NC\u00dc L\u0130DER KURULU\u015e\u2019 olarak hizmet vermektir.[\/vc_column_text][vc_separator type=\u00a0\u00bbtransparent\u00a0\u00bb up=\u00a0\u00bb30&Prime; down=\u00a0\u00bb0&Prime;][vc_column_text]<\/p>\n<h3>Misyonumuz<\/h3>\n<p>[\/vc_column_text][vc_separator type=\u00a0\u00bbtransparent\u00a0\u00bb up=\u00a0\u00bb17&Prime; down=\u00a0\u00bb0&Prime;][vc_column_text]\u201cS\u00fcrekli Netlik, S\u00fcrekli Yenilik\u2019\u2019 ilkesiyle, d\u00fcr\u00fcst ve do\u011fru s\u00f6zl\u00fc, insana ve \u00e7evreye sayg\u0131l\u0131, m\u00fc\u015fteri odakl\u0131, faaliyet alanlar\u0131m\u0131zda tercih edilen firma olmakt\u0131r.[\/vc_column_text][vc_separator type=\u00a0\u00bbtransparent\u00a0\u00bb up=\u00a0\u00bb30&Prime; down=\u00a0\u00bb0&Prime;][vc_column_text]<\/p>\n<h3>De\u011ferlerimiz<\/h3>\n<p>[\/vc_column_text][vc_separator type=\u00a0\u00bbtransparent\u00a0\u00bb up=\u00a0\u00bb17&Prime; down=\u00a0\u00bb0&Prime;][vc_column_text]NG NET GROUP \u015firketlerinin t\u00fcm \u00e7al\u0131\u015fanlar\u0131 \u2018bir ailedir\u2019. Aile refleksiyle hareket eder. Ki\u015fisel ve mesleki geli\u015fimlerini, \u2018bilgi ve tecr\u00fcbe payla\u015f\u0131m\u0131 ve kurum i\u00e7i e\u011fitim faaliyetleriyle\u2019 s\u00fcrekli canl\u0131 tutar.<\/p>\n<p>\u00c7al\u0131\u015fmalar\u0131m\u0131zda, \u201cS\u00fcrekli iyile\u015ftirme, verimlilik ve kalite\u201d her zaman \u00f6nceli\u011fimizdir.<br \/>\n[\/vc_column_text][vc_separator type=\u00a0\u00bbtransparent\u00a0\u00bb up=\u00a0\u00bb30&Prime; down=\u00a0\u00bb0&Prime;][vc_column_text]<\/p>\n<h3>Hedefimiz<\/h3>\n<p>[\/vc_column_text][vc_separator type=\u00a0\u00bbtransparent\u00a0\u00bb up=\u00a0\u00bb17&Prime; down=\u00a0\u00bb0&Prime;][vc_column_text]Uluslararas\u0131 ekonominin y\u00f6netim merkezinin yak\u0131n gelecekte yava\u015f yava\u015f bat\u0131dan do\u011fuya kaymaya ba\u015flayaca\u011f\u0131 \u00f6ng\u00f6r\u00fclmektedir. Bu ba\u011flamda \u00e7ok stratejik konumda olacak olan T\u00fcrkiye&rsquo;de konumlanmak isteyen yabanc\u0131 yat\u0131r\u0131mc\u0131lara dan\u0131\u015fmanl\u0131k konusunda birinci adres olmak istiyoruz. Bunun i\u00e7inde uluslararas\u0131 g\u00fc\u00e7l\u00fc bir network a\u011f\u0131 kurmak yada mevcut bir a\u011f\u0131n T\u00fcrkiye aya\u011f\u0131 olmay\u0131 hedefliyoruz. Hedefe varmak i\u00e7in de t\u00fcm i\u015f arkada\u015flar\u0131m\u0131zla birlikte; G\u00fcven, Disiplin ve H\u0131z diyoruz&#8230;[\/vc_column_text][\/vc_column][vc_column width=\u00a0\u00bb1\/2&Prime;][vc_single_image image=\u00a0\u00bb16085&Prime; img_size=\u00a0\u00bbfull\u00a0\u00bb qode_css_animation=\u00a0\u00bb\u00a0\u00bb css=\u00a0\u00bb.vc_custom_1502367184061{padding-top: 100px !important;}\u00a0\u00bb][vc_separator type=\u00a0\u00bbtransparent\u00a0\u00bb up=\u00a0\u00bb49&Prime; down=\u00a0\u00bb0&Prime;][\/vc_column][\/vc_row]<\/p>\n","protected":false},"excerpt":{"rendered":"<p>[vc_row css_animation=\u00a0\u00bb\u00a0\u00bb row_type=\u00a0\u00bbrow\u00a0\u00bb use_row_as_full_screen_section=\u00a0\u00bbno\u00a0\u00bb type=\u00a0\u00bbfull_width\u00a0\u00bb angled_section=\u00a0\u00bbno\u00a0\u00bb text_align=\u00a0\u00bbleft\u00a0\u00bb background_image_as_pattern=\u00a0\u00bbwithout_pattern\u00a0\u00bb padding_top=\u00a0\u00bb0&Prime;][vc_column][vc_separator type=\u00a0\u00bbnormal\u00a0\u00bb up=\u00a0\u00bb0&Prime;][\/vc_column][\/vc_row][vc_row css_animation=\u00a0\u00bb\u00a0\u00bb row_type=\u00a0\u00bbrow\u00a0\u00bb use_row_as_full_screen_section=\u00a0\u00bbno\u00a0\u00bb type=\u00a0\u00bbgrid\u00a0\u00bb angled_section=\u00a0\u00bbno\u00a0\u00bb text_align=\u00a0\u00bbleft\u00a0\u00bb background_image_as_pattern=\u00a0\u00bbwithout_pattern\u00a0\u00bb][vc_column][vc_separator type=\u00a0\u00bbtransparent\u00a0\u00bb up=\u00a0\u00bb10&Prime; down=\u00a0\u00bb10&Prime;][vc_column_text] KURUMSAL [\/vc_column_text][vc_separator type=\u00a0\u00bbsmall\u00a0\u00bb position=\u00a0\u00bbcenter\u00a0\u00bb thickness=\u00a0\u00bb1&Prime;][vc_column_text] 1990 Y\u0131l\u0131ndan beri \u015firketimiz, kadrosunda bulunan uzman \u00e7al\u0131\u015fanlar\u0131yla m\u00fc\u015fterilerine Hukuk, Yat\u0131r\u0131m ve Y\u00f6netim Dan\u0131\u015fmanl\u0131\u011f\u0131 departmanlar\u0131yla hizmet vermektedir. [\/vc_column_text][vc_separator type=\u00a0\u00bbtransparent\u00a0\u00bb&#8230;<\/p>\n","protected":false},"author":3,"featured_media":0,"parent":0,"menu_order":200,"comment_status":"open","ping_status":"open","template":"full_width.php","meta":{"footnotes":""},"class_list":["post-17039","page","type-page","status-publish","hentry"],"yoast_head":"<!-- This site is optimized with the Yoast SEO plugin v26.4 - https:\/\/yoast.com\/wordpress\/plugins\/seo\/ -->\n<title>Kurumsal - NG Net Group<\/title>\n<meta name=\"robots\" content=\"index, follow, max-snippet:-1, max-image-preview:large, max-video-preview:-1\" \/>\n<link rel=\"canonical\" href=\"https:\/\/www.ngnetgroup.com\/fr\/kurumsal\/\" \/>\n<meta property=\"og:locale\" content=\"fr_FR\" \/>\n<meta property=\"og:type\" content=\"article\" \/>\n<meta property=\"og:title\" content=\"Kurumsal - NG Net Group\" \/>\n<meta property=\"og:description\" content=\"[vc_row css_animation=\u00a0\u00bb\u00a0\u00bb row_type=\u00a0\u00bbrow\u00a0\u00bb use_row_as_full_screen_section=\u00a0\u00bbno\u00a0\u00bb type=\u00a0\u00bbfull_width\u00a0\u00bb angled_section=\u00a0\u00bbno\u00a0\u00bb text_align=\u00a0\u00bbleft\u00a0\u00bb background_image_as_pattern=\u00a0\u00bbwithout_pattern\u00a0\u00bb padding_top=\u00a0\u00bb0&Prime;][vc_column][vc_separator type=\u00a0\u00bbnormal\u00a0\u00bb up=\u00a0\u00bb0&Prime;][\/vc_column][\/vc_row][vc_row css_animation=\u00a0\u00bb\u00a0\u00bb row_type=\u00a0\u00bbrow\u00a0\u00bb use_row_as_full_screen_section=\u00a0\u00bbno\u00a0\u00bb type=\u00a0\u00bbgrid\u00a0\u00bb angled_section=\u00a0\u00bbno\u00a0\u00bb text_align=\u00a0\u00bbleft\u00a0\u00bb background_image_as_pattern=\u00a0\u00bbwithout_pattern\u00a0\u00bb][vc_column][vc_separator type=\u00a0\u00bbtransparent\u00a0\u00bb up=\u00a0\u00bb10&Prime; down=\u00a0\u00bb10&Prime;][vc_column_text] KURUMSAL [\/vc_column_text][vc_separator type=\u00a0\u00bbsmall\u00a0\u00bb position=\u00a0\u00bbcenter\u00a0\u00bb thickness=\u00a0\u00bb1&Prime;][vc_column_text] 1990 Y\u0131l\u0131ndan beri \u015firketimiz, kadrosunda bulunan uzman \u00e7al\u0131\u015fanlar\u0131yla m\u00fc\u015fterilerine Hukuk, Yat\u0131r\u0131m ve Y\u00f6netim Dan\u0131\u015fmanl\u0131\u011f\u0131 departmanlar\u0131yla hizmet vermektedir. [\/vc_column_text][vc_separator type=\u00a0\u00bbtransparent\u00a0\u00bb...\" \/>\n<meta property=\"og:url\" content=\"https:\/\/www.ngnetgroup.com\/fr\/kurumsal\/\" \/>\n<meta property=\"og:site_name\" content=\"NG Net Group\" \/>\n<meta property=\"article:modified_time\" content=\"2025-07-15T20:09:08+00:00\" \/>\n<meta name=\"twitter:card\" content=\"summary_large_image\" \/>\n<meta name=\"twitter:label1\" content=\"Dur\u00e9e de lecture estim\u00e9e\" \/>\n\t<meta name=\"twitter:data1\" content=\"2 minutes\" \/>\n<script type=\"application\/ld+json\" class=\"yoast-schema-graph\">{\"@context\":\"https:\/\/schema.org\",\"@graph\":[{\"@type\":\"WebPage\",\"@id\":\"https:\/\/www.ngnetgroup.com\/fr\/kurumsal\/\",\"url\":\"https:\/\/www.ngnetgroup.com\/fr\/kurumsal\/\",\"name\":\"Kurumsal - NG Net Group\",\"isPartOf\":{\"@id\":\"https:\/\/www.ngnetgroup.com\/#website\"},\"datePublished\":\"2020-07-27T17:29:11+00:00\",\"dateModified\":\"2025-07-15T20:09:08+00:00\",\"breadcrumb\":{\"@id\":\"https:\/\/www.ngnetgroup.com\/fr\/kurumsal\/#breadcrumb\"},\"inLanguage\":\"fr-FR\",\"potentialAction\":[{\"@type\":\"ReadAction\",\"target\":[\"https:\/\/www.ngnetgroup.com\/fr\/kurumsal\/\"]}]},{\"@type\":\"BreadcrumbList\",\"@id\":\"https:\/\/www.ngnetgroup.com\/fr\/kurumsal\/#breadcrumb\",\"itemListElement\":[{\"@type\":\"ListItem\",\"position\":1,\"name\":\"Anasayfa\",\"item\":\"https:\/\/www.ngnetgroup.com\/fr\/\"},{\"@type\":\"ListItem\",\"position\":2,\"name\":\"Kurumsal\"}]},{\"@type\":\"WebSite\",\"@id\":\"https:\/\/www.ngnetgroup.com\/#website\",\"url\":\"https:\/\/www.ngnetgroup.com\/\",\"name\":\"NG Net Group\",\"description\":\"\",\"potentialAction\":[{\"@type\":\"SearchAction\",\"target\":{\"@type\":\"EntryPoint\",\"urlTemplate\":\"https:\/\/www.ngnetgroup.com\/?s={search_term_string}\"},\"query-input\":{\"@type\":\"PropertyValueSpecification\",\"valueRequired\":true,\"valueName\":\"search_term_string\"}}],\"inLanguage\":\"fr-FR\"}]}<\/script>\n<!-- \/ Yoast SEO plugin. -->","yoast_head_json":{"title":"Kurumsal - NG Net Group","robots":{"index":"index","follow":"follow","max-snippet":"max-snippet:-1","max-image-preview":"max-image-preview:large","max-video-preview":"max-video-preview:-1"},"canonical":"https:\/\/www.ngnetgroup.com\/fr\/kurumsal\/","og_locale":"fr_FR","og_type":"article","og_title":"Kurumsal - NG Net Group","og_description":"[vc_row css_animation=\u00a0\u00bb\u00a0\u00bb row_type=\u00a0\u00bbrow\u00a0\u00bb use_row_as_full_screen_section=\u00a0\u00bbno\u00a0\u00bb type=\u00a0\u00bbfull_width\u00a0\u00bb angled_section=\u00a0\u00bbno\u00a0\u00bb text_align=\u00a0\u00bbleft\u00a0\u00bb background_image_as_pattern=\u00a0\u00bbwithout_pattern\u00a0\u00bb padding_top=\u00a0\u00bb0&Prime;][vc_column][vc_separator type=\u00a0\u00bbnormal\u00a0\u00bb up=\u00a0\u00bb0&Prime;][\/vc_column][\/vc_row][vc_row css_animation=\u00a0\u00bb\u00a0\u00bb row_type=\u00a0\u00bbrow\u00a0\u00bb use_row_as_full_screen_section=\u00a0\u00bbno\u00a0\u00bb type=\u00a0\u00bbgrid\u00a0\u00bb angled_section=\u00a0\u00bbno\u00a0\u00bb text_align=\u00a0\u00bbleft\u00a0\u00bb background_image_as_pattern=\u00a0\u00bbwithout_pattern\u00a0\u00bb][vc_column][vc_separator type=\u00a0\u00bbtransparent\u00a0\u00bb up=\u00a0\u00bb10&Prime; down=\u00a0\u00bb10&Prime;][vc_column_text] KURUMSAL [\/vc_column_text][vc_separator type=\u00a0\u00bbsmall\u00a0\u00bb position=\u00a0\u00bbcenter\u00a0\u00bb thickness=\u00a0\u00bb1&Prime;][vc_column_text] 1990 Y\u0131l\u0131ndan beri \u015firketimiz, kadrosunda bulunan uzman \u00e7al\u0131\u015fanlar\u0131yla m\u00fc\u015fterilerine Hukuk, Yat\u0131r\u0131m ve Y\u00f6netim Dan\u0131\u015fmanl\u0131\u011f\u0131 departmanlar\u0131yla hizmet vermektedir. [\/vc_column_text][vc_separator type=\u00a0\u00bbtransparent\u00a0\u00bb...","og_url":"https:\/\/www.ngnetgroup.com\/fr\/kurumsal\/","og_site_name":"NG Net Group","article_modified_time":"2025-07-15T20:09:08+00:00","twitter_card":"summary_large_image","twitter_misc":{"Dur\u00e9e de lecture estim\u00e9e":"2 minutes"},"schema":{"@context":"https:\/\/schema.org","@graph":[{"@type":"WebPage","@id":"https:\/\/www.ngnetgroup.com\/fr\/kurumsal\/","url":"https:\/\/www.ngnetgroup.com\/fr\/kurumsal\/","name":"Kurumsal - NG Net Group","isPartOf":{"@id":"https:\/\/www.ngnetgroup.com\/#website"},"datePublished":"2020-07-27T17:29:11+00:00","dateModified":"2025-07-15T20:09:08+00:00","breadcrumb":{"@id":"https:\/\/www.ngnetgroup.com\/fr\/kurumsal\/#breadcrumb"},"inLanguage":"fr-FR","potentialAction":[{"@type":"ReadAction","target":["https:\/\/www.ngnetgroup.com\/fr\/kurumsal\/"]}]},{"@type":"BreadcrumbList","@id":"https:\/\/www.ngnetgroup.com\/fr\/kurumsal\/#breadcrumb","itemListElement":[{"@type":"ListItem","position":1,"name":"Anasayfa","item":"https:\/\/www.ngnetgroup.com\/fr\/"},{"@type":"ListItem","position":2,"name":"Kurumsal"}]},{"@type":"WebSite","@id":"https:\/\/www.ngnetgroup.com\/#website","url":"https:\/\/www.ngnetgroup.com\/","name":"NG Net Group","description":"","potentialAction":[{"@type":"SearchAction","target":{"@type":"EntryPoint","urlTemplate":"https:\/\/www.ngnetgroup.com\/?s={search_term_string}"},"query-input":{"@type":"PropertyValueSpecification","valueRequired":true,"valueName":"search_term_string"}}],"inLanguage":"fr-FR"}]}},"_links":{"self":[{"href":"https:\/\/www.ngnetgroup.com\/fr\/wp-json\/wp\/v2\/pages\/17039\/"}],"collection":[{"href":"https:\/\/www.ngnetgroup.com\/fr\/wp-json\/wp\/v2\/pages\/"}],"about":[{"href":"https:\/\/www.ngnetgroup.com\/fr\/wp-json\/wp\/v2\/types\/page\/"}],"author":[{"embeddable":true,"href":"https:\/\/www.ngnetgroup.com\/fr\/wp-json\/wp\/v2\/users\/3\/"}],"replies":[{"embeddable":true,"href":"https:\/\/www.ngnetgroup.com\/fr\/wp-json\/wp\/v2\/comments\/?post=17039"}],"version-history":[{"count":5,"href":"https:\/\/www.ngnetgroup.com\/fr\/wp-json\/wp\/v2\/pages\/17039\/revisions\/"}],"predecessor-version":[{"id":25815,"href":"https:\/\/www.ngnetgroup.com\/fr\/wp-json\/wp\/v2\/pages\/17039\/revisions\/25815\/"}],"wp:attachment":[{"href":"https:\/\/www.ngnetgroup.com\/fr\/wp-json\/wp\/v2\/media\/?parent=17039"}],"curies":[{"name":"wp","href":"https:\/\/api.w.org\/{rel}","templated":true}]}}